{"id":642,"date":"2024-09-18T00:29:39","date_gmt":"2024-09-18T00:29:39","guid":{"rendered":"https:\/\/kozuvcanka.com.mk\/?page_id=642"},"modified":"2024-09-18T00:33:21","modified_gmt":"2024-09-18T00:33:21","slug":"novi-vodi-so-vitamini","status":"publish","type":"page","link":"https:\/\/kozuvcanka.com.mk\/sq\/ujera-te-reja-me-vitamina\/","title":{"rendered":"UJ\u00cbRA T\u00cb REJA ME VITAMINA"},"content":{"rendered":"<div data-elementor-type=\"wp-page\" data-elementor-id=\"642\" class=\"elementor elementor-642\" data-elementor-post-type=\"page\">\n\t\t\t\t<div class=\"elementor-element elementor-element-8f776b1 e-flex e-con-boxed e-con e-parent\" data-id=\"8f776b1\" data-element_type=\"container\">\n\t\t\t\t\t<div class=\"e-con-inner\">\n\t\t\t\t\t<\/div>\n\t\t\t\t<\/div>\n\t\t<div class=\"elementor-element elementor-element-dea987a e-flex e-con-boxed e-con e-parent\" data-id=\"dea987a\" data-element_type=\"container\" data-settings=\"{&quot;background_background&quot;:&quot;classic&quot;}\">\n\t\t\t\t\t<div class=\"e-con-inner\">\n\t\t\t\t\t<\/div>\n\t\t\t\t<\/div>\n\t\t<div class=\"elementor-element elementor-element-bae5e95 e-flex e-con-boxed e-con e-parent\" data-id=\"bae5e95\" data-element_type=\"container\">\n\t\t\t\t\t<div class=\"e-con-inner\">\n\t\t\t\t<div class=\"elementor-element elementor-element-f2370b2 elementor-widget elementor-widget-text-editor\" data-id=\"f2370b2\" data-element_type=\"widget\" data-widget_type=\"text-editor.default\">\n\t\t\t\t<div class=\"elementor-widget-container\">\n\t\t\t<style>\/*! elementor - v3.21.0 - 26-05-2024 *\/\n.elementor-widget-text-editor.elementor-drop-cap-view-stacked .elementor-drop-cap{background-color:#69727d;color:#fff}.elementor-widget-text-editor.elementor-drop-cap-view-framed .elementor-drop-cap{color:#69727d;border:3px solid;background-color:transparent}.elementor-widget-text-editor:not(.elementor-drop-cap-view-default) .elementor-drop-cap{margin-top:8px}.elementor-widget-text-editor:not(.elementor-drop-cap-view-default) .elementor-drop-cap-letter{width:1em;height:1em}.elementor-widget-text-editor .elementor-drop-cap{float:left;text-align:center;line-height:1;font-size:50px}.elementor-widget-text-editor .elementor-drop-cap-letter{display:inline-block}<\/style>\t\t\t\t<p style=\"text-align: center;\"><strong>UJ\u00cbRA T\u00cb REJA ME VITAMINA<\/strong><\/p><p style=\"text-align: center;\"><strong>Kozhuf\u00e7anka Wellness dhe Kozhuf\u00e7anka Active!<\/strong><\/p><p>\u00a0<\/p><p class=\" translation-block\"><strong>Kozhuf\u00e7anka Wellness<\/strong> \u00ebsht\u00eb pasuruar me arom\u00eb natyrale portokalli dhe ekstrakt natyral t\u00eb xhenxhefilit q\u00eb ka nj\u00eb efekt qet\u00ebsues, relakson dhe leht\u00ebson tensionin, gj\u00eb q\u00eb ndikon pozitivisht n\u00eb sistemin imunitar. Me shtimin e vitamin\u00ebs B6, Kozhuf\u00e7anka Wellness gjithashtu kontribuon n\u00eb krijimin e qelizave t\u00eb kuqe t\u00eb gjakut!<\/p><p>\u00a0<\/p><p class=\" translation-block\"><strong>Kozhuf\u00e7anka Active<\/strong>  prodhohet me shtimin e ekstraktit t\u00eb guaran\u00ebs dhe xhensenit. Ato, si burime natyrore t\u00eb energjis\u00eb, p\u00ebrmir\u00ebsojn\u00eb kapacitetin tuaj mendor dhe fizik. Kozhuf\u00e7anka Active p\u00ebrmban vitamin\u00eb B12 dhe B6, t\u00eb cilat kontribuojn\u00eb n\u00eb p\u00ebrdorimin normal t\u00eb energjis\u00eb dhe reduktimin e lodhjes dhe rraskapitjes!<\/p>\t\t\t\t\t\t<\/div>\n\t\t\t\t<\/div>\n\t\t\t\t\t<\/div>\n\t\t\t\t<\/div>\n\t\t\t\t<\/div>","protected":false},"excerpt":{"rendered":"<p>\u041d\u041e\u0412\u0418 \u0412\u041e\u0414\u0418 \u0441\u043e \u0412\u0418\u0422\u0410\u041c\u0418\u041d\u0418 \u041a\u043e\u0436\u0443\u0432\u0447\u0430\u043d\u043a\u0430 Wellness \u0438 \u041a\u043e\u0436\u0443\u0432\u0447\u0430\u043d\u043a\u0430 Active! \u00a0 \u041a\u043e\u0436\u0443\u0432\u0447\u0430\u043d\u043a\u0430 Wellness \u0435 \u0437\u0431\u043e\u0433\u0430\u0442\u0435\u043d\u0430 \u0441\u043e \u043f\u0440\u0438\u0440\u043e\u0434\u043d\u0430 \u0430\u0440\u043e\u043c\u0430 \u043d\u0430 \u043f\u043e\u0440\u0442\u043e\u043a\u0430\u043b \u0438 [&hellip;]<\/p>","protected":false},"author":1,"featured_media":93,"parent":0,"menu_order":0,"comment_status":"closed","ping_status":"closed","template":"elementor_header_footer","meta":{"site-sidebar-layout":"default","site-content-layout":"","ast-site-content-layout":"","site-content-style":"default","site-sidebar-style":"default","ast-global-header-display":"","ast-banner-title-visibility":"","ast-main-header-display":"","ast-hfb-above-header-display":"","ast-hfb-below-header-display":"","ast-hfb-mobile-header-display":"","site-post-title":"","ast-breadcrumbs-content":"","ast-featured-img":"","footer-sml-layout":"","theme-transparent-header-meta":"","adv-header-id-meta":"","stick-header-meta":"","header-above-stick-meta":"","header-main-stick-meta":"","header-below-stick-meta":"","astra-migrate-meta-layouts":"default","ast-page-background-enabled":"default","ast-page-background-meta":{"desktop":{"background-color":"var(--ast-global-color-4)","background-image":"","background-repeat":"repeat","background-position":"center center","background-size":"auto","background-attachment":"scroll","background-type":"","background-media":"","overlay-type":"","overlay-color":"","overlay-opacity":"","overlay-gradient":""},"tablet":{"background-color":"","background-image":"","background-repeat":"repeat","background-position":"center center","background-size":"auto","background-attachment":"scroll","background-type":"","background-media":"","overlay-type":"","overlay-color":"","overlay-opacity":"","overlay-gradient":""},"mobile":{"background-color":"","background-image":"","background-repeat":"repeat","background-position":"center center","background-size":"auto","background-attachment":"scroll","background-type":"","background-media":"","overlay-type":"","overlay-color":"","overlay-opacity":"","overlay-gradient":""}},"ast-content-background-meta":{"desktop":{"background-color":"var(--ast-global-color-5)","background-image":"","background-repeat":"repeat","background-position":"center center","background-size":"auto","background-attachment":"scroll","background-type":"","background-media":"","overlay-type":"","overlay-color":"","overlay-opacity":"","overlay-gradient":""},"tablet":{"background-color":"var(--ast-global-color-5)","background-image":"","background-repeat":"repeat","background-position":"center center","background-size":"auto","background-attachment":"scroll","background-type":"","background-media":"","overlay-type":"","overlay-color":"","overlay-opacity":"","overlay-gradient":""},"mobile":{"background-color":"var(--ast-global-color-5)","background-image":"","background-repeat":"repeat","background-position":"center center","background-size":"auto","background-attachment":"scroll","background-type":"","background-media":"","overlay-type":"","overlay-color":"","overlay-opacity":"","overlay-gradient":""}},"footnotes":""},"class_list":["post-642","page","type-page","status-publish","has-post-thumbnail","hentry"],"_links":{"self":[{"href":"https:\/\/kozuvcanka.com.mk\/sq\/wp-json\/wp\/v2\/pages\/642","targetHints":{"allow":["GET"]}}],"collection":[{"href":"https:\/\/kozuvcanka.com.mk\/sq\/wp-json\/wp\/v2\/pages"}],"about":[{"href":"https:\/\/kozuvcanka.com.mk\/sq\/wp-json\/wp\/v2\/types\/page"}],"author":[{"embeddable":true,"href":"https:\/\/kozuvcanka.com.mk\/sq\/wp-json\/wp\/v2\/users\/1"}],"replies":[{"embeddable":true,"href":"https:\/\/kozuvcanka.com.mk\/sq\/wp-json\/wp\/v2\/comments?post=642"}],"version-history":[{"count":10,"href":"https:\/\/kozuvcanka.com.mk\/sq\/wp-json\/wp\/v2\/pages\/642\/revisions"}],"predecessor-version":[{"id":653,"href":"https:\/\/kozuvcanka.com.mk\/sq\/wp-json\/wp\/v2\/pages\/642\/revisions\/653"}],"wp:featuredmedia":[{"embeddable":true,"href":"https:\/\/kozuvcanka.com.mk\/sq\/wp-json\/wp\/v2\/media\/93"}],"wp:attachment":[{"href":"https:\/\/kozuvcanka.com.mk\/sq\/wp-json\/wp\/v2\/media?parent=642"}],"curies":[{"name":"wp","href":"https:\/\/api.w.org\/{rel}","templated":true}]}}