{"id":309,"date":"2024-06-24T10:01:09","date_gmt":"2024-06-24T10:01:09","guid":{"rendered":"https:\/\/kozuvcanka.com.mk\/?page_id=309"},"modified":"2024-09-17T14:18:50","modified_gmt":"2024-09-17T14:18:50","slug":"nashata-kompanija","status":"publish","type":"page","link":"https:\/\/kozuvcanka.com.mk\/sq\/nashata-kompanija\/","title":{"rendered":"\u041d\u0430\u0448\u0430\u0442\u0430 \u043a\u043e\u043c\u043f\u0430\u043d\u0438\u0458\u0430"},"content":{"rendered":"<div data-elementor-type=\"wp-page\" data-elementor-id=\"309\" class=\"elementor elementor-309\" data-elementor-post-type=\"page\">\n\t\t\t\t<div class=\"elementor-element elementor-element-8f776b1 e-flex e-con-boxed e-con e-parent\" data-id=\"8f776b1\" data-element_type=\"container\">\n\t\t\t\t\t<div class=\"e-con-inner\">\n\t\t\t\t\t<\/div>\n\t\t\t\t<\/div>\n\t\t<div class=\"elementor-element elementor-element-dea987a e-flex e-con-boxed e-con e-parent\" data-id=\"dea987a\" data-element_type=\"container\" data-settings=\"{&quot;background_background&quot;:&quot;classic&quot;}\">\n\t\t\t\t\t<div class=\"e-con-inner\">\n\t\t\t\t<div class=\"elementor-element elementor-element-69112bb elementor-widget elementor-widget-heading\" data-id=\"69112bb\" data-element_type=\"widget\" data-widget_type=\"heading.default\">\n\t\t\t\t<div class=\"elementor-widget-container\">\n\t\t\t<style>\/*! elementor - v3.21.0 - 26-05-2024 *\/\n.elementor-heading-title{padding:0;margin:0;line-height:1}.elementor-widget-heading .elementor-heading-title[class*=elementor-size-]>a{color:inherit;font-size:inherit;line-height:inherit}.elementor-widget-heading .elementor-heading-title.elementor-size-small{font-size:15px}.elementor-widget-heading .elementor-heading-title.elementor-size-medium{font-size:19px}.elementor-widget-heading .elementor-heading-title.elementor-size-large{font-size:29px}.elementor-widget-heading .elementor-heading-title.elementor-size-xl{font-size:39px}.elementor-widget-heading .elementor-heading-title.elementor-size-xxl{font-size:59px}<\/style><h2 class=\"elementor-heading-title elementor-size-default\">KOMPANIA JON\u00cb<\/h2>\t\t<\/div>\n\t\t\t\t<\/div>\n\t\t\t\t\t<\/div>\n\t\t\t\t<\/div>\n\t\t<div class=\"elementor-element elementor-element-bae5e95 e-flex e-con-boxed e-con e-parent\" data-id=\"bae5e95\" data-element_type=\"container\">\n\t\t\t\t\t<div class=\"e-con-inner\">\n\t\t\t\t<div class=\"elementor-element elementor-element-f2370b2 elementor-widget elementor-widget-text-editor\" data-id=\"f2370b2\" data-element_type=\"widget\" data-widget_type=\"text-editor.default\">\n\t\t\t\t<div class=\"elementor-widget-container\">\n\t\t\t<style>\/*! elementor - v3.21.0 - 26-05-2024 *\/\n.elementor-widget-text-editor.elementor-drop-cap-view-stacked .elementor-drop-cap{background-color:#69727d;color:#fff}.elementor-widget-text-editor.elementor-drop-cap-view-framed .elementor-drop-cap{color:#69727d;border:3px solid;background-color:transparent}.elementor-widget-text-editor:not(.elementor-drop-cap-view-default) .elementor-drop-cap{margin-top:8px}.elementor-widget-text-editor:not(.elementor-drop-cap-view-default) .elementor-drop-cap-letter{width:1em;height:1em}.elementor-widget-text-editor .elementor-drop-cap{float:left;text-align:center;line-height:1;font-size:50px}.elementor-widget-text-editor .elementor-drop-cap-letter{display:inline-block}<\/style>\t\t\t\t<p><strong>Kozhuf\u00e7anka SHPK<\/strong> u themelua n\u00eb vitin 1993 n\u00eb Kavadar, Maqedoni. U krijua nga v\u00ebllez\u00ebrit Nikola dhe Stojan Jan\u00e7evi, me q\u00ebllimin fillestar t\u00eb k\u00ebrkimit dhe shfryt\u00ebzimit t\u00eb burimeve minerale dhe ujit n\u00eb malin Kozhuf. Pas hulumtimeve t\u00eb burimit, kompania mori leje dhe koncesion p\u00ebr shfryt\u00ebzim dhe filloi zyrtarisht n\u00eb vitin 1995, duke nisur zhvillimin e Kozhuf\u00e7anka si uji i par\u00eb mineral privat.<\/p><p>\u00a0<\/p><p>\u00a0 N\u00eb vitet q\u00eb pasuan, uji Kozhuf\u00e7anka u b\u00eb lider n\u00eb treg, i njohur p\u00ebr cil\u00ebsin\u00eb e tij, nd\u00ebrsa kompania p\u00ebr besnik\u00ebrin\u00eb dhe fleksibilitetin ndaj konsumator\u00ebve.<\/p><p>\u00a0<\/p><p>\u00a0 N\u00eb vitin <strong>2005<\/strong> Kozhuf\u00e7anka SHPK n\u00ebnshkroi nj\u00eb marr\u00ebveshje me mark\u00ebn gjermane Sinalco, dhe q\u00eb at\u00ebher\u00eb \u00ebsht\u00eb prodhues dhe p\u00ebrfaq\u00ebsues zyrtar i pijeve pa alkool m\u00eb t\u00eb preferuara n\u00eb treg.<\/p><p>\u00a0<\/p><p>\u00a0 N\u00eb vitin <strong>2008<\/strong> ajo lansoi ujin natyral Izvorska. N\u00eb k\u00ebt\u00eb dekad\u00eb t\u00eb dyt\u00eb, Kozhuf\u00e7anka si kompani investon n\u00eb linjat e prodhimit, duke ndjekur t\u00eb gjitha standardet nd\u00ebrkomb\u00ebtare. Ajo gjithashtu zgjeron shp\u00ebrndarjen e saj dhe sot bashk\u00ebpunon me 30 distributor\u00eb n\u00eb t\u00eb gjith\u00eb vendin.<\/p><p>\u00a0<\/p><p>\u00a0 N\u00eb vitet q\u00eb pasuan, Kozhuf\u00e7anka SHPK investoi edhe n\u00eb projekte t\u00eb tjera p\u00ebr zhvillim, linja t\u00eb reja dhe hapi nj\u00eb Birrari me shp\u00ebrndarje unike t\u00eb birr\u00ebs s\u00eb fresk\u00ebt t\u00eb quajtur Birra Nashe Makedonsko. Pas disa viteve, birr\u00ebs iu shtua edhe birra pa pasterizim Lifer.<\/p><p>\u00a0<\/p><p>\u00a0 Sot, Kozhuf\u00e7anka \u00ebsht\u00eb nj\u00eb kompani me 150 punonj\u00ebs t\u00eb drejtp\u00ebrdrejt\u00eb dhe shum\u00eb m\u00eb tep\u00ebr indirekt, dhe \u00ebsht\u00eb partnere me 5 kompani m\u00eb t\u00eb m\u00ebdha n\u00eb fush\u00ebn e saj. Produktet e saj eksportohen n\u00eb Evrop\u00eb, Amerik\u00ebn e Veriut dhe Australi dhe mund t\u00eb krenohet me nj\u00eb nga portofolat m\u00eb t\u00eb pasura n\u00eb vend, me 70 SKU nga 5 brende, duke investuar m\u00eb tej n\u00eb ambalazhe t\u00eb reja si dhe uj\u00ebra funksionale dhe inovative.<\/p><p>\u00a0<\/p><p>\u00a0 <strong>Kozhuf\u00e7anka SHPK<\/strong>, e menaxhuar me sukses nga <strong>d-r Mitko Jan\u00e7ev<\/strong>, sot drejtohet nga motra e tij, <strong>znj. Janinka \u00c7uparkoska.<\/strong>.<\/p>\t\t\t\t\t\t<\/div>\n\t\t\t\t<\/div>\n\t\t\t\t\t<\/div>\n\t\t\t\t<\/div>\n\t\t\t\t<\/div>","protected":false},"excerpt":{"rendered":"<p>\u041d\u0410\u0428\u0410\u0422\u0410 \u041a\u041e\u041c\u041f\u0410\u041d\u0418\u0408\u0410 \u041a\u043e\u0436\u0443\u0432\u0447\u0430\u043d\u043a\u0430 \u0414\u041e\u041e \u0435 \u0444\u043e\u0440\u043c\u0438\u0440\u0430\u043d\u0430 \u0432\u043e 1993-\u0442\u0430 \u0433\u043e\u0434\u0438\u043d\u0430 \u0432\u043e \u041a\u0430\u0432\u0430\u0434\u0430\u0440\u0446\u0438, \u041c\u0430\u043a\u0435\u0434\u043e\u043d\u0438\u0458\u0430. \u041e\u0441\u043d\u043e\u0432\u0430\u043d\u0430 \u0435 \u043e\u0434 \u0431\u0440\u0430\u045c\u0430\u0442\u0430 \u041d\u0438\u043a\u043e\u043b\u0430 \u0438 \u0421\u0442\u043e\u0458\u0430\u043d \u0408\u0430\u043d\u0447\u0435\u0432\u0438, [&hellip;]<\/p>","protected":false},"author":1,"featured_media":93,"parent":0,"menu_order":0,"comment_status":"closed","ping_status":"closed","template":"elementor_header_footer","meta":{"site-sidebar-layout":"default","site-content-layout":"","ast-site-content-layout":"","site-content-style":"default","site-sidebar-style":"default","ast-global-header-display":"","ast-banner-title-visibility":"","ast-main-header-display":"","ast-hfb-above-header-display":"","ast-hfb-below-header-display":"","ast-hfb-mobile-header-display":"","site-post-title":"","ast-breadcrumbs-content":"","ast-featured-img":"","footer-sml-layout":"","theme-transparent-header-meta":"","adv-header-id-meta":"","stick-header-meta":"","header-above-stick-meta":"","header-main-stick-meta":"","header-below-stick-meta":"","astra-migrate-meta-layouts":"default","ast-page-background-enabled":"default","ast-page-background-meta":{"desktop":{"background-color":"var(--ast-global-color-4)","background-image":"","background-repeat":"repeat","background-position":"center center","background-size":"auto","background-attachment":"scroll","background-type":"","background-media":"","overlay-type":"","overlay-color":"","overlay-opacity":"","overlay-gradient":""},"tablet":{"background-color":"","background-image":"","background-repeat":"repeat","background-position":"center center","background-size":"auto","background-attachment":"scroll","background-type":"","background-media":"","overlay-type":"","overlay-color":"","overlay-opacity":"","overlay-gradient":""},"mobile":{"background-color":"","background-image":"","background-repeat":"repeat","background-position":"center center","background-size":"auto","background-attachment":"scroll","background-type":"","background-media":"","overlay-type":"","overlay-color":"","overlay-opacity":"","overlay-gradient":""}},"ast-content-background-meta":{"desktop":{"background-color":"var(--ast-global-color-5)","background-image":"","background-repeat":"repeat","background-position":"center center","background-size":"auto","background-attachment":"scroll","background-type":"","background-media":"","overlay-type":"","overlay-color":"","overlay-opacity":"","overlay-gradient":""},"tablet":{"background-color":"var(--ast-global-color-5)","background-image":"","background-repeat":"repeat","background-position":"center center","background-size":"auto","background-attachment":"scroll","background-type":"","background-media":"","overlay-type":"","overlay-color":"","overlay-opacity":"","overlay-gradient":""},"mobile":{"background-color":"var(--ast-global-color-5)","background-image":"","background-repeat":"repeat","background-position":"center center","background-size":"auto","background-attachment":"scroll","background-type":"","background-media":"","overlay-type":"","overlay-color":"","overlay-opacity":"","overlay-gradient":""}},"footnotes":""},"class_list":["post-309","page","type-page","status-publish","has-post-thumbnail","hentry"],"_links":{"self":[{"href":"https:\/\/kozuvcanka.com.mk\/sq\/wp-json\/wp\/v2\/pages\/309","targetHints":{"allow":["GET"]}}],"collection":[{"href":"https:\/\/kozuvcanka.com.mk\/sq\/wp-json\/wp\/v2\/pages"}],"about":[{"href":"https:\/\/kozuvcanka.com.mk\/sq\/wp-json\/wp\/v2\/types\/page"}],"author":[{"embeddable":true,"href":"https:\/\/kozuvcanka.com.mk\/sq\/wp-json\/wp\/v2\/users\/1"}],"replies":[{"embeddable":true,"href":"https:\/\/kozuvcanka.com.mk\/sq\/wp-json\/wp\/v2\/comments?post=309"}],"version-history":[{"count":19,"href":"https:\/\/kozuvcanka.com.mk\/sq\/wp-json\/wp\/v2\/pages\/309\/revisions"}],"predecessor-version":[{"id":490,"href":"https:\/\/kozuvcanka.com.mk\/sq\/wp-json\/wp\/v2\/pages\/309\/revisions\/490"}],"wp:featuredmedia":[{"embeddable":true,"href":"https:\/\/kozuvcanka.com.mk\/sq\/wp-json\/wp\/v2\/media\/93"}],"wp:attachment":[{"href":"https:\/\/kozuvcanka.com.mk\/sq\/wp-json\/wp\/v2\/media?parent=309"}],"curies":[{"name":"wp","href":"https:\/\/api.w.org\/{rel}","templated":true}]}}